{"id":18,"date":"2021-01-13T16:10:26","date_gmt":"2021-01-13T16:10:26","guid":{"rendered":"https:\/\/layerdrops.com\/linoorwp\/?page_id=18"},"modified":"2023-04-03T14:57:17","modified_gmt":"2023-04-03T14:57:17","slug":"unternehmen","status":"publish","type":"page","link":"https:\/\/www.glaserei-feldmann.com\/index.php\/unternehmen\/","title":{"rendered":"Unternehmen"},"content":{"rendered":"\t\t<div data-elementor-type=\"wp-page\" data-elementor-id=\"18\" class=\"elementor elementor-18\">\n\t\t\t\t\t\t\t\t\t<section class=\"elementor-section elementor-top-section elementor-element elementor-element-b122d33 elementor-section-full_width elementor-section-height-default elementor-section-height-default\" data-id=\"b122d33\" data-element_type=\"section\">\n\t\t\t\t\t\t<div class=\"elementor-container elementor-column-gap-no\">\n\t\t\t\t\t<div class=\"elementor-column elementor-col-100 elementor-top-column elementor-element elementor-element-bc5a5de\" data-id=\"bc5a5de\" data-element_type=\"column\">\n\t\t\t<div class=\"elementor-widget-wrap elementor-element-populated\">\n\t\t\t\t\t\t\t\t<div class=\"elementor-element elementor-element-6fe0e7e elementor-widget elementor-widget-linoor-solutions\" data-id=\"6fe0e7e\" data-element_type=\"widget\" data-widget_type=\"linoor-solutions.default\">\n\t\t\t\t<div class=\"elementor-widget-container\">\n\t\t\t<!--Agency Section-->\r\n<section class=\"agency-section\">\r\n    <div class=\"auto-container\">\r\n        <div class=\"row clearfix\">\r\n            <!--Left Column-->\r\n            <div class=\"left-col col-xl-6 col-lg-12 col-md-12 col-sm-12\">\r\n                <div class=\"inner\">\r\n                    \r\n                    <div class=\"sec-title\">\r\n                        <h2>Glaserei Feldmann<span class=\"dot\">.<\/span><\/h2>\r\n                    <\/div>\r\n\r\n                    <!--Default Tabs-->\r\n                    <div class=\"default-tabs tabs-box\">\r\n\r\n                        <!--Tab Btns-->\r\n                        <ul class=\"tab-btns tab-buttons clearfix m-0 list-unstyled\">\r\n                                                                                                                        <li data-tab=\"#agency-tab-1\" class=\"tab-btn active-btn\"><span>Das Unternehmen<\/span><\/li>\r\n                                                                                                                            <li data-tab=\"#agency-tab-2\" class=\"tab-btn \"><span>Wer ich bin<\/span><\/li>\r\n                                                                                    <\/ul>\r\n\r\n                        <!--Tabs Container-->\r\n                        <div class=\"tabs-content\">\r\n                                                                                                                        <!--Tab-->\r\n                                <div class=\"tab active-tab\" id=\"agency-tab-1\">\r\n                                    <div class=\"content\">\r\n                                        <div class=\"text\">2022 gr\u00fcndete ich das Unternehmen nach meinem erfolgreichen Abschluss zum Glasbautechniker. \nAls junges, zukunftsorientiertes Unternehmen biete ich f\u00fcr jedes Ihrer Projekte modernste L\u00f6sungen!<\/div>\r\n                                    <\/div>\r\n                                <\/div>\r\n                                                                                                                            <!--Tab-->\r\n                                <div class=\"tab \" id=\"agency-tab-2\">\r\n                                    <div class=\"content\">\r\n                                        <div class=\"text\">Mein Name ist Markus Feldmann, ich bin geb\u00fcrtiger N\u00fcrnberger und Inhaber des Unternehmens Glaserei Feldmann. Im Jahr 2020 schloss ich erfolgreich meine Ausbildung ab, seit 2022 bin ich Glasbautechniker. \n<\/div>\r\n                                    <\/div>\r\n                                <\/div>\r\n                                                            \r\n                        <\/div>\r\n                    <\/div>\r\n                <\/div>\r\n            <\/div>\r\n            <!--Right Column-->\r\n            <div class=\"right-col col-xl-6 col-lg-12 col-md-12 col-sm-12\">\r\n                <div class=\"inner\">\r\n                    <div class=\"text sub-title-text\"><\/div>\r\n                    <div class=\"featured-block-two clearfix\">\r\n                        <div class=\"image\"><img decoding=\"async\" src=\"http:\/\/www.glaserei-feldmann.com\/wp-content\/uploads\/2023\/02\/IMG-0225-scaled-e1677509752268.jpg\" alt=\"\"><\/div>\r\n                        <div class=\"text \">\r\n                            <ul class=\"m-0 list-unstyled\">\r\n                                                                    <li>Kundenorientiert<\/li>\r\n                                                                    <li>Zuverl\u00e4ssig<\/li>\r\n                                                                    <li>h\u00f6chster Qualit\u00e4tsanspruch<\/li>\r\n                                                            <\/ul>\r\n                        <\/div>\r\n                    <\/div>\r\n                <\/div>\r\n            <\/div>\r\n        <\/div>\r\n    <\/div>\r\n<\/section>\t\t<\/div>\n\t\t\t\t<\/div>\n\t\t\t\t\t<\/div>\n\t\t<\/div>\n\t\t\t\t\t\t\t<\/div>\n\t\t<\/section>\n\t\t\t\t\t\t\t<\/div>\n\t\t","protected":false},"excerpt":{"rendered":"<p>Glaserei Feldmann. Das Unternehmen Wer ich bin 2022 gr\u00fcndete ich das Unternehmen nach meinem erfolgreichen Abschluss zum Glasbautechniker. Als junges, zukunftsorientiertes Unternehmen biete ich f\u00fcr jedes Ihrer Projekte modernste L\u00f6sungen! Mein Name ist Markus Feldmann, ich bin geb\u00fcrtiger N\u00fcrnberger und Inhaber des Unternehmens Glaserei Feldmann. Im Jahr 2020 schloss ich erfolgreich meine Ausbildung ab, seit [&hellip;]<\/p>\n","protected":false},"author":1,"featured_media":0,"parent":0,"menu_order":0,"comment_status":"closed","ping_status":"closed","template":"elementor_header_footer","meta":{"footnotes":""},"class_list":["post-18","page","type-page","status-publish","hentry"],"_links":{"self":[{"href":"https:\/\/www.glaserei-feldmann.com\/index.php\/wp-json\/wp\/v2\/pages\/18","targetHints":{"allow":["GET"]}}],"collection":[{"href":"https:\/\/www.glaserei-feldmann.com\/index.php\/wp-json\/wp\/v2\/pages"}],"about":[{"href":"https:\/\/www.glaserei-feldmann.com\/index.php\/wp-json\/wp\/v2\/types\/page"}],"author":[{"embeddable":true,"href":"https:\/\/www.glaserei-feldmann.com\/index.php\/wp-json\/wp\/v2\/users\/1"}],"replies":[{"embeddable":true,"href":"https:\/\/www.glaserei-feldmann.com\/index.php\/wp-json\/wp\/v2\/comments?post=18"}],"version-history":[{"count":19,"href":"https:\/\/www.glaserei-feldmann.com\/index.php\/wp-json\/wp\/v2\/pages\/18\/revisions"}],"predecessor-version":[{"id":3455,"href":"https:\/\/www.glaserei-feldmann.com\/index.php\/wp-json\/wp\/v2\/pages\/18\/revisions\/3455"}],"wp:attachment":[{"href":"https:\/\/www.glaserei-feldmann.com\/index.php\/wp-json\/wp\/v2\/media?parent=18"}],"curies":[{"name":"wp","href":"https:\/\/api.w.org\/{rel}","templated":true}]}}